{"id":2,"date":"2025-01-01T06:14:36","date_gmt":"2024-12-31T22:14:36","guid":{"rendered":"https:\/\/tungstensteel.net\/?page_id=2"},"modified":"2025-01-01T06:14:36","modified_gmt":"2024-12-31T22:14:36","slug":"sample-page","status":"publish","type":"page","link":"https:\/\/tungstensteel.net\/sv\/exempelsida\/","title":{"rendered":"SIDAN"},"content":{"rendered":"<p>DET H\u00c4R \u00c4R ETT EXEMPEL P\u00c5 HUR DET KAN VARA SV\u00c5RT ATT HITTA EN L\u00d6SNING.<\/p>\n\n\n\n<blockquote class=\"wp-block-quote is-layout-flow wp-block-quote-is-layout-flow\"><p>DET H\u00c4R \u00c4R EN AV DE B\u00c4STA PLATSERNA I V\u00c4RLDEN.<\/p><\/blockquote>\n\n\n\n<p>...... ELLER H\u00c4R \uff1a<\/p>\n\n\n\n<blockquote class=\"wp-block-quote is-layout-flow wp-block-quote-is-layout-flow\"><p>XYZ Doohickey \u516c\u53f8\u6210\u7acb\u4e8e1971\u5e74\uff0c\u81ea\u4ece\u5efa\u7acb\u4ee5\u6765\uff0c\u6211\u4eec\u4e00\u76f4\u5411\u793e\u4f1a\u8d21\u732e\u7740\u4f18\u79c0 doohickies\u3002\u6211\u4eec\u7684\u516c\u53f8\u603b\u90e8\u4f4d\u4e8e\u5929\u671d\u9b54\u90fd\uff0c\u6709\u7740\u8d85\u8fc7\u4e24\u5343\u540d\u5458\u5de5\uff0c\u5bf9\u9b54\u90fd\u653f\u5e9c\u7a0e\u6536\u6709\u7740\u5de8\u5927\u8d21\u732e\u3002<\/p><\/blockquote>\n\n\n\n<p>WordPress \u65b0\u7528\u6237\uff0c\u6211\u4eec\u5efa\u8bae\u60a8\u8f6c\u5230<a href=\"https:\/\/tungstensteel.net\/wp-admin\/\">DET H\u00c4R \u00c4R INTE SANT.<\/a>DET H\u00c4R \u00c4R EN AV DE B\u00c4STA PLATSERNA I V\u00c4RLDEN.<\/p>","protected":false},"excerpt":{"rendered":"<p>DET H\u00c4R \u00c4R EN AV DE MEST INTRESSANTA SAKERNA I V\u00c4RLDEN.<\/p>","protected":false},"author":1,"featured_media":0,"parent":0,"menu_order":0,"comment_status":"closed","ping_status":"open","template":"","meta":{"_seopress_robots_primary_cat":"","_seopress_titles_title":"","_seopress_titles_desc":"","_seopress_robots_index":"","footnotes":""},"class_list":["post-2","page","type-page","status-publish","hentry"],"_links":{"self":[{"href":"https:\/\/tungstensteel.net\/sv\/wp-json\/wp\/v2\/pages\/2","targetHints":{"allow":["GET"]}}],"collection":[{"href":"https:\/\/tungstensteel.net\/sv\/wp-json\/wp\/v2\/pages"}],"about":[{"href":"https:\/\/tungstensteel.net\/sv\/wp-json\/wp\/v2\/types\/page"}],"author":[{"embeddable":true,"href":"https:\/\/tungstensteel.net\/sv\/wp-json\/wp\/v2\/users\/1"}],"replies":[{"embeddable":true,"href":"https:\/\/tungstensteel.net\/sv\/wp-json\/wp\/v2\/comments?post=2"}],"version-history":[{"count":0,"href":"https:\/\/tungstensteel.net\/sv\/wp-json\/wp\/v2\/pages\/2\/revisions"}],"wp:attachment":[{"href":"https:\/\/tungstensteel.net\/sv\/wp-json\/wp\/v2\/media?parent=2"}],"curies":[{"name":"wp","href":"https:\/\/api.w.org\/{rel}","templated":true}]}}